{"id":2371,"date":"2024-12-19T19:18:08","date_gmt":"2024-12-19T19:18:08","guid":{"rendered":"https:\/\/fsth.be\/wopr\/?page_id=2371"},"modified":"2026-04-29T11:45:55","modified_gmt":"2026-04-29T11:45:55","slug":"palmares","status":"publish","type":"page","link":"https:\/\/fsth.be\/wopr\/commission-provinciale\/palmares\/","title":{"rendered":"Palmar\u00e8s"},"content":{"rendered":"\n<div class=\"wp-block-columns is-layout-flex wp-container-core-columns-is-layout-9d6595d7 wp-block-columns-is-layout-flex\">\n<div class=\"wp-block-column is-layout-flow wp-block-column-is-layout-flow\">\n<h2 class=\"wp-block-heading has-text-align-center\">Championnats<br>provinciaux<\/h2>\n\n\n\n<div class=\"wp-block-columns is-layout-flex wp-container-core-columns-is-layout-9d6595d7 wp-block-columns-is-layout-flex\">\n<div class=\"wp-block-column is-layout-flow wp-block-column-is-layout-flow\">\n<figure class=\"wp-block-image size-full\"><a href=\"https:\/\/fsth.be\/wopr\/wp-content\/uploads\/2025\/05\/Palmares-Championnats-2025-v2.pdf\" target=\"_blank\" rel=\" noreferrer noopener\"><img loading=\"lazy\" decoding=\"async\" width=\"595\" height=\"841\" src=\"https:\/\/fsth.be\/wopr\/wp-content\/uploads\/2025\/05\/Palmares-Championnats-2025-Couverture.png\" alt=\"\" class=\"wp-image-2632\" srcset=\"https:\/\/fsth.be\/wopr\/wp-content\/uploads\/2025\/05\/Palmares-Championnats-2025-Couverture.png 595w, https:\/\/fsth.be\/wopr\/wp-content\/uploads\/2025\/05\/Palmares-Championnats-2025-Couverture-212x300.png 212w\" sizes=\"auto, (max-width: 595px) 100vw, 595px\" \/><\/a><\/figure>\n\n\n\n<h4 class=\"wp-block-heading has-text-align-center\">2025<\/h4>\n<\/div>\n\n\n\n<div class=\"wp-block-column is-layout-flow wp-block-column-is-layout-flow\">\n<figure class=\"wp-block-image size-full\"><a href=\"https:\/\/fsth.be\/wopr\/wp-content\/uploads\/2025\/02\/Palmares-Championnats-2024-v6.pdf\" target=\"_blank\" rel=\" noreferrer noopener\"><img loading=\"lazy\" decoding=\"async\" width=\"150\" height=\"212\" src=\"https:\/\/fsth.be\/wopr\/wp-content\/uploads\/2024\/12\/Palmares-Championnats-2024-Thumbnail.png\" alt=\"\" class=\"wp-image-2378\"\/><\/a><\/figure>\n\n\n\n<h4 class=\"wp-block-heading has-text-align-center\">2024<\/h4>\n<\/div>\n\n\n\n<div class=\"wp-block-column is-layout-flow wp-block-column-is-layout-flow\">\n<figure class=\"wp-block-image size-full\"><a href=\"https:\/\/fsth.be\/wopr\/wp-content\/uploads\/2023\/12\/Palmares-2023.pdf\" target=\"_blank\" rel=\" noreferrer noopener\"><img loading=\"lazy\" decoding=\"async\" width=\"150\" height=\"212\" src=\"https:\/\/fsth.be\/wopr\/wp-content\/uploads\/2024\/12\/Palmares-2023-Thumbnail.png\" alt=\"\" class=\"wp-image-2379\"\/><\/a><\/figure>\n\n\n\n<h4 class=\"wp-block-heading has-text-align-center\">2023<\/h4>\n<\/div>\n<\/div>\n\n\n\n<div class=\"wp-block-columns is-layout-flex wp-container-core-columns-is-layout-9d6595d7 wp-block-columns-is-layout-flex\">\n<div class=\"wp-block-column is-layout-flow wp-block-column-is-layout-flow\">\n<figure class=\"wp-block-image size-full\"><a href=\"https:\/\/fsth.be\/wopr\/wp-content\/uploads\/2023\/02\/Palmares-2022.pdf\" target=\"_blank\" rel=\" noreferrer noopener\"><img loading=\"lazy\" decoding=\"async\" width=\"150\" height=\"212\" src=\"https:\/\/fsth.be\/wopr\/wp-content\/uploads\/2024\/12\/Palmares-2022-Thumbnail.png\" alt=\"\" class=\"wp-image-2380\"\/><\/a><\/figure>\n\n\n\n<h4 class=\"wp-block-heading has-text-align-center\"><a href=\"https:\/\/fsth.be\/wopr\/wp-content\/uploads\/2023\/02\/Palmares-2022.pdf\" target=\"_blank\" rel=\"noreferrer noopener\">2022<\/a><\/h4>\n<\/div>\n\n\n\n<div class=\"wp-block-column is-layout-flow wp-block-column-is-layout-flow\">\n<figure class=\"wp-block-image size-full\"><a href=\"https:\/\/fsth.be\/wopr\/wp-content\/uploads\/2023\/02\/Palmares-2020.pdf\" target=\"_blank\" rel=\" noreferrer noopener\"><img loading=\"lazy\" decoding=\"async\" width=\"150\" height=\"212\" src=\"https:\/\/fsth.be\/wopr\/wp-content\/uploads\/2024\/12\/Palmares-2020-thumbnail.png\" alt=\"\" class=\"wp-image-2381\"\/><\/a><\/figure>\n\n\n\n<h4 class=\"wp-block-heading has-text-align-center\"><a href=\"https:\/\/fsth.be\/wopr\/wp-content\/uploads\/2023\/02\/Palmares-2020.pdf\" target=\"_blank\" rel=\"noreferrer noopener\">2020<\/a><\/h4>\n<\/div>\n\n\n\n<div class=\"wp-block-column is-layout-flow wp-block-column-is-layout-flow\"><\/div>\n<\/div>\n<\/div>\n\n\n\n<div class=\"wp-block-column is-layout-flow wp-block-column-is-layout-flow\">\n<div style=\"height:100px\" aria-hidden=\"true\" class=\"wp-block-spacer\"><\/div>\n<\/div>\n\n\n\n<div class=\"wp-block-column is-layout-flow wp-block-column-is-layout-flow\">\n<h2 class=\"wp-block-heading has-text-align-center\">Challenge <br>du Hainaut<\/h2>\n\n\n\n<div class=\"wp-block-columns is-layout-flex wp-container-core-columns-is-layout-9d6595d7 wp-block-columns-is-layout-flex\">\n<div class=\"wp-block-column is-layout-flow wp-block-column-is-layout-flow\">\n<figure class=\"wp-block-image size-full\"><a href=\"https:\/\/fsth.be\/wopr\/wp-content\/uploads\/2026\/04\/Palmares-challenge-2025-Hainaut-V4.pdf\" target=\"_blank\" rel=\" noreferrer noopener\"><img loading=\"lazy\" decoding=\"async\" width=\"595\" height=\"842\" src=\"https:\/\/fsth.be\/wopr\/wp-content\/uploads\/2026\/04\/Palmares-challenge-2025-Couverture.png\" alt=\"\" class=\"wp-image-3018\" srcset=\"https:\/\/fsth.be\/wopr\/wp-content\/uploads\/2026\/04\/Palmares-challenge-2025-Couverture.png 595w, https:\/\/fsth.be\/wopr\/wp-content\/uploads\/2026\/04\/Palmares-challenge-2025-Couverture-212x300.png 212w\" sizes=\"auto, (max-width: 595px) 100vw, 595px\" \/><\/a><\/figure>\n\n\n\n<h4 class=\"wp-block-heading has-text-align-center\">2025<\/h4>\n<\/div>\n\n\n\n<div class=\"wp-block-column is-layout-flow wp-block-column-is-layout-flow\">\n<figure class=\"wp-block-image size-full\"><a href=\"https:\/\/fsth.be\/wopr\/wp-content\/uploads\/2024\/12\/Palmares-Challenge-2024.pdf\" target=\"_blank\" rel=\" noreferrer noopener\"><img loading=\"lazy\" decoding=\"async\" width=\"150\" height=\"212\" src=\"https:\/\/fsth.be\/wopr\/wp-content\/uploads\/2024\/12\/Palmares-Challenge-2024-Thumbnail.png\" alt=\"\" class=\"wp-image-2382\"\/><\/a><\/figure>\n\n\n\n<h4 class=\"wp-block-heading has-text-align-center\">2024<\/h4>\n<\/div>\n\n\n\n<div class=\"wp-block-column is-layout-flow wp-block-column-is-layout-flow\"><\/div>\n<\/div>\n<\/div>\n<\/div>\n","protected":false},"excerpt":{"rendered":"<p>Championnatsprovinciaux 2025 2024 2023 2022 2020 Challenge du Hainaut 2025 2024<\/p>\n","protected":false},"author":1,"featured_media":0,"parent":240,"menu_order":0,"comment_status":"closed","ping_status":"closed","template":"","meta":{"footnotes":""},"class_list":["post-2371","page","type-page","status-publish","hentry"],"yoast_head":"<!-- This site is optimized with the Yoast SEO plugin v27.5 - https:\/\/yoast.com\/product\/yoast-seo-wordpress\/ -->\r\n<title>Palmar\u00e8s - F.S.T.H. asbl<\/title>\r\n<meta name=\"robots\" content=\"index, follow, max-snippet:-1, max-image-preview:large, max-video-preview:-1\" \/>\r\n<link rel=\"canonical\" href=\"https:\/\/fsth.be\/wopr\/commission-provinciale\/palmares\/\" \/>\r\n<meta property=\"og:locale\" content=\"fr_FR\" \/>\r\n<meta property=\"og:type\" content=\"article\" \/>\r\n<meta property=\"og:title\" content=\"Palmar\u00e8s - F.S.T.H. asbl\" \/>\r\n<meta property=\"og:description\" content=\"Championnatsprovinciaux 2025 2024 2023 2022 2020 Challenge du Hainaut 2025 2024\" \/>\r\n<meta property=\"og:url\" content=\"https:\/\/fsth.be\/wopr\/commission-provinciale\/palmares\/\" \/>\r\n<meta property=\"og:site_name\" content=\"F.S.T.H. asbl\" \/>\r\n<meta property=\"article:modified_time\" content=\"2026-04-29T11:45:55+00:00\" \/>\r\n<meta property=\"og:image\" content=\"https:\/\/fsth.be\/wopr\/wp-content\/uploads\/2025\/05\/Palmares-Championnats-2025-Couverture.png\" \/>\r\n\t<meta property=\"og:image:width\" content=\"595\" \/>\r\n\t<meta property=\"og:image:height\" content=\"841\" \/>\r\n\t<meta property=\"og:image:type\" content=\"image\/png\" \/>\r\n<meta name=\"twitter:label1\" content=\"Dur\u00e9e de lecture est.\" \/>\n\t<meta name=\"twitter:data1\" content=\"2 minutes\" \/>\r\n<script type=\"application\/ld+json\" class=\"yoast-schema-graph\">{\"@context\":\"https:\\\/\\\/schema.org\",\"@graph\":[{\"@type\":\"WebPage\",\"@id\":\"https:\\\/\\\/fsth.be\\\/wopr\\\/commission-provinciale\\\/palmares\\\/\",\"url\":\"https:\\\/\\\/fsth.be\\\/wopr\\\/commission-provinciale\\\/palmares\\\/\",\"name\":\"Palmar\u00e8s - F.S.T.H. asbl\",\"isPartOf\":{\"@id\":\"https:\\\/\\\/fsth.be\\\/wopr\\\/#website\"},\"primaryImageOfPage\":{\"@id\":\"https:\\\/\\\/fsth.be\\\/wopr\\\/commission-provinciale\\\/palmares\\\/#primaryimage\"},\"image\":{\"@id\":\"https:\\\/\\\/fsth.be\\\/wopr\\\/commission-provinciale\\\/palmares\\\/#primaryimage\"},\"thumbnailUrl\":\"https:\\\/\\\/fsth.be\\\/wopr\\\/wp-content\\\/uploads\\\/2025\\\/05\\\/Palmares-Championnats-2025-Couverture.png\",\"datePublished\":\"2024-12-19T19:18:08+00:00\",\"dateModified\":\"2026-04-29T11:45:55+00:00\",\"breadcrumb\":{\"@id\":\"https:\\\/\\\/fsth.be\\\/wopr\\\/commission-provinciale\\\/palmares\\\/#breadcrumb\"},\"inLanguage\":\"fr-BE\",\"potentialAction\":[{\"@type\":\"ReadAction\",\"target\":[\"https:\\\/\\\/fsth.be\\\/wopr\\\/commission-provinciale\\\/palmares\\\/\"]}]},{\"@type\":\"ImageObject\",\"inLanguage\":\"fr-BE\",\"@id\":\"https:\\\/\\\/fsth.be\\\/wopr\\\/commission-provinciale\\\/palmares\\\/#primaryimage\",\"url\":\"https:\\\/\\\/fsth.be\\\/wopr\\\/wp-content\\\/uploads\\\/2025\\\/05\\\/Palmares-Championnats-2025-Couverture.png\",\"contentUrl\":\"https:\\\/\\\/fsth.be\\\/wopr\\\/wp-content\\\/uploads\\\/2025\\\/05\\\/Palmares-Championnats-2025-Couverture.png\",\"width\":595,\"height\":841},{\"@type\":\"BreadcrumbList\",\"@id\":\"https:\\\/\\\/fsth.be\\\/wopr\\\/commission-provinciale\\\/palmares\\\/#breadcrumb\",\"itemListElement\":[{\"@type\":\"ListItem\",\"position\":1,\"name\":\"Accueil\",\"item\":\"https:\\\/\\\/fsth.be\\\/wopr\\\/\"},{\"@type\":\"ListItem\",\"position\":2,\"name\":\"La Commission Provinciale &#8211; CPSTH\",\"item\":\"https:\\\/\\\/fsth.be\\\/wopr\\\/commission-provinciale\\\/\"},{\"@type\":\"ListItem\",\"position\":3,\"name\":\"Palmar\u00e8s\"}]},{\"@type\":\"WebSite\",\"@id\":\"https:\\\/\\\/fsth.be\\\/wopr\\\/#website\",\"url\":\"https:\\\/\\\/fsth.be\\\/wopr\\\/\",\"name\":\"F.S.T.H. asbl\",\"description\":\"F\u00e9d\u00e9ration des Soci\u00e9t\u00e9s de Tir du Hainaut\",\"publisher\":{\"@id\":\"https:\\\/\\\/fsth.be\\\/wopr\\\/#organization\"},\"potentialAction\":[{\"@type\":\"SearchAction\",\"target\":{\"@type\":\"EntryPoint\",\"urlTemplate\":\"https:\\\/\\\/fsth.be\\\/wopr\\\/?s={search_term_string}\"},\"query-input\":{\"@type\":\"PropertyValueSpecification\",\"valueRequired\":true,\"valueName\":\"search_term_string\"}}],\"inLanguage\":\"fr-BE\"},{\"@type\":\"Organization\",\"@id\":\"https:\\\/\\\/fsth.be\\\/wopr\\\/#organization\",\"name\":\"F\u00e9d\u00e9ration des Soci\u00e9t\u00e9s de Tir du Hainaut\",\"url\":\"https:\\\/\\\/fsth.be\\\/wopr\\\/\",\"logo\":{\"@type\":\"ImageObject\",\"inLanguage\":\"fr-BE\",\"@id\":\"https:\\\/\\\/fsth.be\\\/wopr\\\/#\\\/schema\\\/logo\\\/image\\\/\",\"url\":\"https:\\\/\\\/fsth.be\\\/wopr\\\/wp-content\\\/uploads\\\/2022\\\/03\\\/cropped-logo-FSTH-1.png\",\"contentUrl\":\"https:\\\/\\\/fsth.be\\\/wopr\\\/wp-content\\\/uploads\\\/2022\\\/03\\\/cropped-logo-FSTH-1.png\",\"width\":100,\"height\":100,\"caption\":\"F\u00e9d\u00e9ration des Soci\u00e9t\u00e9s de Tir du Hainaut\"},\"image\":{\"@id\":\"https:\\\/\\\/fsth.be\\\/wopr\\\/#\\\/schema\\\/logo\\\/image\\\/\"}}]}<\/script>\r\n<!-- \/ Yoast SEO plugin. -->","yoast_head_json":{"title":"Palmar\u00e8s - F.S.T.H. asbl","robots":{"index":"index","follow":"follow","max-snippet":"max-snippet:-1","max-image-preview":"max-image-preview:large","max-video-preview":"max-video-preview:-1"},"canonical":"https:\/\/fsth.be\/wopr\/commission-provinciale\/palmares\/","og_locale":"fr_FR","og_type":"article","og_title":"Palmar\u00e8s - F.S.T.H. asbl","og_description":"Championnatsprovinciaux 2025 2024 2023 2022 2020 Challenge du Hainaut 2025 2024","og_url":"https:\/\/fsth.be\/wopr\/commission-provinciale\/palmares\/","og_site_name":"F.S.T.H. asbl","article_modified_time":"2026-04-29T11:45:55+00:00","og_image":[{"width":595,"height":841,"url":"https:\/\/fsth.be\/wopr\/wp-content\/uploads\/2025\/05\/Palmares-Championnats-2025-Couverture.png","type":"image\/png"}],"twitter_misc":{"Dur\u00e9e de lecture est.":"2 minutes"},"schema":{"@context":"https:\/\/schema.org","@graph":[{"@type":"WebPage","@id":"https:\/\/fsth.be\/wopr\/commission-provinciale\/palmares\/","url":"https:\/\/fsth.be\/wopr\/commission-provinciale\/palmares\/","name":"Palmar\u00e8s - F.S.T.H. asbl","isPartOf":{"@id":"https:\/\/fsth.be\/wopr\/#website"},"primaryImageOfPage":{"@id":"https:\/\/fsth.be\/wopr\/commission-provinciale\/palmares\/#primaryimage"},"image":{"@id":"https:\/\/fsth.be\/wopr\/commission-provinciale\/palmares\/#primaryimage"},"thumbnailUrl":"https:\/\/fsth.be\/wopr\/wp-content\/uploads\/2025\/05\/Palmares-Championnats-2025-Couverture.png","datePublished":"2024-12-19T19:18:08+00:00","dateModified":"2026-04-29T11:45:55+00:00","breadcrumb":{"@id":"https:\/\/fsth.be\/wopr\/commission-provinciale\/palmares\/#breadcrumb"},"inLanguage":"fr-BE","potentialAction":[{"@type":"ReadAction","target":["https:\/\/fsth.be\/wopr\/commission-provinciale\/palmares\/"]}]},{"@type":"ImageObject","inLanguage":"fr-BE","@id":"https:\/\/fsth.be\/wopr\/commission-provinciale\/palmares\/#primaryimage","url":"https:\/\/fsth.be\/wopr\/wp-content\/uploads\/2025\/05\/Palmares-Championnats-2025-Couverture.png","contentUrl":"https:\/\/fsth.be\/wopr\/wp-content\/uploads\/2025\/05\/Palmares-Championnats-2025-Couverture.png","width":595,"height":841},{"@type":"BreadcrumbList","@id":"https:\/\/fsth.be\/wopr\/commission-provinciale\/palmares\/#breadcrumb","itemListElement":[{"@type":"ListItem","position":1,"name":"Accueil","item":"https:\/\/fsth.be\/wopr\/"},{"@type":"ListItem","position":2,"name":"La Commission Provinciale &#8211; CPSTH","item":"https:\/\/fsth.be\/wopr\/commission-provinciale\/"},{"@type":"ListItem","position":3,"name":"Palmar\u00e8s"}]},{"@type":"WebSite","@id":"https:\/\/fsth.be\/wopr\/#website","url":"https:\/\/fsth.be\/wopr\/","name":"F.S.T.H. asbl","description":"F\u00e9d\u00e9ration des Soci\u00e9t\u00e9s de Tir du Hainaut","publisher":{"@id":"https:\/\/fsth.be\/wopr\/#organization"},"potentialAction":[{"@type":"SearchAction","target":{"@type":"EntryPoint","urlTemplate":"https:\/\/fsth.be\/wopr\/?s={search_term_string}"},"query-input":{"@type":"PropertyValueSpecification","valueRequired":true,"valueName":"search_term_string"}}],"inLanguage":"fr-BE"},{"@type":"Organization","@id":"https:\/\/fsth.be\/wopr\/#organization","name":"F\u00e9d\u00e9ration des Soci\u00e9t\u00e9s de Tir du Hainaut","url":"https:\/\/fsth.be\/wopr\/","logo":{"@type":"ImageObject","inLanguage":"fr-BE","@id":"https:\/\/fsth.be\/wopr\/#\/schema\/logo\/image\/","url":"https:\/\/fsth.be\/wopr\/wp-content\/uploads\/2022\/03\/cropped-logo-FSTH-1.png","contentUrl":"https:\/\/fsth.be\/wopr\/wp-content\/uploads\/2022\/03\/cropped-logo-FSTH-1.png","width":100,"height":100,"caption":"F\u00e9d\u00e9ration des Soci\u00e9t\u00e9s de Tir du Hainaut"},"image":{"@id":"https:\/\/fsth.be\/wopr\/#\/schema\/logo\/image\/"}}]}},"_links":{"self":[{"href":"https:\/\/fsth.be\/wopr\/wp-json\/wp\/v2\/pages\/2371","targetHints":{"allow":["GET"]}}],"collection":[{"href":"https:\/\/fsth.be\/wopr\/wp-json\/wp\/v2\/pages"}],"about":[{"href":"https:\/\/fsth.be\/wopr\/wp-json\/wp\/v2\/types\/page"}],"author":[{"embeddable":true,"href":"https:\/\/fsth.be\/wopr\/wp-json\/wp\/v2\/users\/1"}],"replies":[{"embeddable":true,"href":"https:\/\/fsth.be\/wopr\/wp-json\/wp\/v2\/comments?post=2371"}],"version-history":[{"count":14,"href":"https:\/\/fsth.be\/wopr\/wp-json\/wp\/v2\/pages\/2371\/revisions"}],"predecessor-version":[{"id":3022,"href":"https:\/\/fsth.be\/wopr\/wp-json\/wp\/v2\/pages\/2371\/revisions\/3022"}],"up":[{"embeddable":true,"href":"https:\/\/fsth.be\/wopr\/wp-json\/wp\/v2\/pages\/240"}],"wp:attachment":[{"href":"https:\/\/fsth.be\/wopr\/wp-json\/wp\/v2\/media?parent=2371"}],"curies":[{"name":"wp","href":"https:\/\/api.w.org\/{rel}","templated":true}]}}