{"id":3013,"date":"2026-04-29T11:33:15","date_gmt":"2026-04-29T11:33:15","guid":{"rendered":"https:\/\/fsth.be\/wopr\/?page_id=3013"},"modified":"2026-04-29T11:33:17","modified_gmt":"2026-04-29T11:33:17","slug":"cpsth-resultats-du-challenge-du-hainaut-2026","status":"publish","type":"page","link":"https:\/\/fsth.be\/wopr\/cpsth-resultats-du-challenge-du-hainaut-2026\/","title":{"rendered":"CPSTH &#8211; R\u00e9sultats du Challenge du Hainaut 2026"},"content":{"rendered":"\n<div class=\"wp-block-columns is-layout-flex wp-container-core-columns-is-layout-9d6595d7 wp-block-columns-is-layout-flex\">\n<div class=\"wp-block-column is-layout-flow wp-block-column-is-layout-flow\">\n<div class=\"wp-block-group\"><div class=\"wp-block-group__inner-container is-layout-flow wp-block-group-is-layout-flow\">\n<figure class=\"wp-block-image size-full\"><a href=\"https:\/\/fsth.be\/wopr\/wp-content\/uploads\/2026\/04\/resultats-2026-challenge-01-PN-Francis-Jacobs-1.pdf\" target=\"_blank\" rel=\" noreferrer noopener\"><img loading=\"lazy\" decoding=\"async\" width=\"256\" height=\"256\" src=\"https:\/\/fsth.be\/wopr\/wp-content\/uploads\/2026\/01\/download-results-fsth.png\" alt=\"\" class=\"wp-image-2878\" srcset=\"https:\/\/fsth.be\/wopr\/wp-content\/uploads\/2026\/01\/download-results-fsth.png 256w, https:\/\/fsth.be\/wopr\/wp-content\/uploads\/2026\/01\/download-results-fsth-150x150.png 150w\" sizes=\"auto, (max-width: 256px) 100vw, 256px\" \/><\/a><\/figure>\n\n\n\n<div class=\"wp-block-group is-content-justification-center is-layout-flex wp-container-core-group-is-layout-19578e90 wp-block-group-is-layout-flex\">\n<h3 class=\"wp-block-heading has-text-align-center\">Manche 01<\/h3>\n\n\n\n<p class=\"has-text-align-center\">Armes anciennes Francis Jacobs<br>1er tour<\/p>\n<\/div>\n<\/div><\/div>\n<\/div>\n\n\n\n<div class=\"wp-block-column is-layout-flow wp-block-column-is-layout-flow\"><\/div>\n\n\n\n<div class=\"wp-block-column is-layout-flow wp-block-column-is-layout-flow\"><\/div>\n\n\n\n<div class=\"wp-block-column is-layout-flow wp-block-column-is-layout-flow\"><\/div>\n\n\n\n<div class=\"wp-block-column is-layout-flow wp-block-column-is-layout-flow\"><\/div>\n<\/div>\n\n\n\n<div style=\"height:0px\" aria-hidden=\"true\" class=\"wp-block-spacer\"><\/div>\n","protected":false},"excerpt":{"rendered":"<p>Manche 01 Armes anciennes Francis Jacobs1er tour<\/p>\n","protected":false},"author":1,"featured_media":0,"parent":0,"menu_order":0,"comment_status":"closed","ping_status":"closed","template":"","meta":{"footnotes":""},"class_list":["post-3013","page","type-page","status-publish","hentry"],"yoast_head":"<!-- This site is optimized with the Yoast SEO plugin v27.5 - https:\/\/yoast.com\/product\/yoast-seo-wordpress\/ -->\r\n<title>CPSTH - R\u00e9sultats du Challenge du Hainaut 2026 - F.S.T.H. asbl<\/title>\r\n<meta name=\"robots\" content=\"index, follow, max-snippet:-1, max-image-preview:large, max-video-preview:-1\" \/>\r\n<link rel=\"canonical\" href=\"https:\/\/fsth.be\/wopr\/cpsth-resultats-du-challenge-du-hainaut-2026\/\" \/>\r\n<meta property=\"og:locale\" content=\"fr_FR\" \/>\r\n<meta property=\"og:type\" content=\"article\" \/>\r\n<meta property=\"og:title\" content=\"CPSTH - R\u00e9sultats du Challenge du Hainaut 2026 - F.S.T.H. asbl\" \/>\r\n<meta property=\"og:description\" content=\"Manche 01 Armes anciennes Francis Jacobs1er tour\" \/>\r\n<meta property=\"og:url\" content=\"https:\/\/fsth.be\/wopr\/cpsth-resultats-du-challenge-du-hainaut-2026\/\" \/>\r\n<meta property=\"og:site_name\" content=\"F.S.T.H. asbl\" \/>\r\n<meta property=\"article:modified_time\" content=\"2026-04-29T11:33:17+00:00\" \/>\r\n<meta property=\"og:image\" content=\"https:\/\/fsth.be\/wopr\/wp-content\/uploads\/2026\/01\/download-results-fsth.png\" \/>\r\n\t<meta property=\"og:image:width\" content=\"256\" \/>\r\n\t<meta property=\"og:image:height\" content=\"256\" \/>\r\n\t<meta property=\"og:image:type\" content=\"image\/png\" \/>\r\n<meta name=\"twitter:label1\" content=\"Dur\u00e9e de lecture est.\" \/>\n\t<meta name=\"twitter:data1\" content=\"1 minute\" \/>\r\n<script type=\"application\/ld+json\" class=\"yoast-schema-graph\">{\"@context\":\"https:\\\/\\\/schema.org\",\"@graph\":[{\"@type\":\"WebPage\",\"@id\":\"https:\\\/\\\/fsth.be\\\/wopr\\\/cpsth-resultats-du-challenge-du-hainaut-2026\\\/\",\"url\":\"https:\\\/\\\/fsth.be\\\/wopr\\\/cpsth-resultats-du-challenge-du-hainaut-2026\\\/\",\"name\":\"CPSTH - R\u00e9sultats du Challenge du Hainaut 2026 - F.S.T.H. asbl\",\"isPartOf\":{\"@id\":\"https:\\\/\\\/fsth.be\\\/wopr\\\/#website\"},\"primaryImageOfPage\":{\"@id\":\"https:\\\/\\\/fsth.be\\\/wopr\\\/cpsth-resultats-du-challenge-du-hainaut-2026\\\/#primaryimage\"},\"image\":{\"@id\":\"https:\\\/\\\/fsth.be\\\/wopr\\\/cpsth-resultats-du-challenge-du-hainaut-2026\\\/#primaryimage\"},\"thumbnailUrl\":\"https:\\\/\\\/fsth.be\\\/wopr\\\/wp-content\\\/uploads\\\/2026\\\/01\\\/download-results-fsth.png\",\"datePublished\":\"2026-04-29T11:33:15+00:00\",\"dateModified\":\"2026-04-29T11:33:17+00:00\",\"breadcrumb\":{\"@id\":\"https:\\\/\\\/fsth.be\\\/wopr\\\/cpsth-resultats-du-challenge-du-hainaut-2026\\\/#breadcrumb\"},\"inLanguage\":\"fr-BE\",\"potentialAction\":[{\"@type\":\"ReadAction\",\"target\":[\"https:\\\/\\\/fsth.be\\\/wopr\\\/cpsth-resultats-du-challenge-du-hainaut-2026\\\/\"]}]},{\"@type\":\"ImageObject\",\"inLanguage\":\"fr-BE\",\"@id\":\"https:\\\/\\\/fsth.be\\\/wopr\\\/cpsth-resultats-du-challenge-du-hainaut-2026\\\/#primaryimage\",\"url\":\"https:\\\/\\\/fsth.be\\\/wopr\\\/wp-content\\\/uploads\\\/2026\\\/01\\\/download-results-fsth.png\",\"contentUrl\":\"https:\\\/\\\/fsth.be\\\/wopr\\\/wp-content\\\/uploads\\\/2026\\\/01\\\/download-results-fsth.png\",\"width\":256,\"height\":256},{\"@type\":\"BreadcrumbList\",\"@id\":\"https:\\\/\\\/fsth.be\\\/wopr\\\/cpsth-resultats-du-challenge-du-hainaut-2026\\\/#breadcrumb\",\"itemListElement\":[{\"@type\":\"ListItem\",\"position\":1,\"name\":\"Accueil\",\"item\":\"https:\\\/\\\/fsth.be\\\/wopr\\\/\"},{\"@type\":\"ListItem\",\"position\":2,\"name\":\"CPSTH &#8211; R\u00e9sultats du Challenge du Hainaut 2026\"}]},{\"@type\":\"WebSite\",\"@id\":\"https:\\\/\\\/fsth.be\\\/wopr\\\/#website\",\"url\":\"https:\\\/\\\/fsth.be\\\/wopr\\\/\",\"name\":\"F.S.T.H. asbl\",\"description\":\"F\u00e9d\u00e9ration des Soci\u00e9t\u00e9s de Tir du Hainaut\",\"publisher\":{\"@id\":\"https:\\\/\\\/fsth.be\\\/wopr\\\/#organization\"},\"potentialAction\":[{\"@type\":\"SearchAction\",\"target\":{\"@type\":\"EntryPoint\",\"urlTemplate\":\"https:\\\/\\\/fsth.be\\\/wopr\\\/?s={search_term_string}\"},\"query-input\":{\"@type\":\"PropertyValueSpecification\",\"valueRequired\":true,\"valueName\":\"search_term_string\"}}],\"inLanguage\":\"fr-BE\"},{\"@type\":\"Organization\",\"@id\":\"https:\\\/\\\/fsth.be\\\/wopr\\\/#organization\",\"name\":\"F\u00e9d\u00e9ration des Soci\u00e9t\u00e9s de Tir du Hainaut\",\"url\":\"https:\\\/\\\/fsth.be\\\/wopr\\\/\",\"logo\":{\"@type\":\"ImageObject\",\"inLanguage\":\"fr-BE\",\"@id\":\"https:\\\/\\\/fsth.be\\\/wopr\\\/#\\\/schema\\\/logo\\\/image\\\/\",\"url\":\"https:\\\/\\\/fsth.be\\\/wopr\\\/wp-content\\\/uploads\\\/2022\\\/03\\\/cropped-logo-FSTH-1.png\",\"contentUrl\":\"https:\\\/\\\/fsth.be\\\/wopr\\\/wp-content\\\/uploads\\\/2022\\\/03\\\/cropped-logo-FSTH-1.png\",\"width\":100,\"height\":100,\"caption\":\"F\u00e9d\u00e9ration des Soci\u00e9t\u00e9s de Tir du Hainaut\"},\"image\":{\"@id\":\"https:\\\/\\\/fsth.be\\\/wopr\\\/#\\\/schema\\\/logo\\\/image\\\/\"}}]}<\/script>\r\n<!-- \/ Yoast SEO plugin. -->","yoast_head_json":{"title":"CPSTH - R\u00e9sultats du Challenge du Hainaut 2026 - F.S.T.H. asbl","robots":{"index":"index","follow":"follow","max-snippet":"max-snippet:-1","max-image-preview":"max-image-preview:large","max-video-preview":"max-video-preview:-1"},"canonical":"https:\/\/fsth.be\/wopr\/cpsth-resultats-du-challenge-du-hainaut-2026\/","og_locale":"fr_FR","og_type":"article","og_title":"CPSTH - R\u00e9sultats du Challenge du Hainaut 2026 - F.S.T.H. asbl","og_description":"Manche 01 Armes anciennes Francis Jacobs1er tour","og_url":"https:\/\/fsth.be\/wopr\/cpsth-resultats-du-challenge-du-hainaut-2026\/","og_site_name":"F.S.T.H. asbl","article_modified_time":"2026-04-29T11:33:17+00:00","og_image":[{"width":256,"height":256,"url":"https:\/\/fsth.be\/wopr\/wp-content\/uploads\/2026\/01\/download-results-fsth.png","type":"image\/png"}],"twitter_misc":{"Dur\u00e9e de lecture est.":"1 minute"},"schema":{"@context":"https:\/\/schema.org","@graph":[{"@type":"WebPage","@id":"https:\/\/fsth.be\/wopr\/cpsth-resultats-du-challenge-du-hainaut-2026\/","url":"https:\/\/fsth.be\/wopr\/cpsth-resultats-du-challenge-du-hainaut-2026\/","name":"CPSTH - R\u00e9sultats du Challenge du Hainaut 2026 - F.S.T.H. asbl","isPartOf":{"@id":"https:\/\/fsth.be\/wopr\/#website"},"primaryImageOfPage":{"@id":"https:\/\/fsth.be\/wopr\/cpsth-resultats-du-challenge-du-hainaut-2026\/#primaryimage"},"image":{"@id":"https:\/\/fsth.be\/wopr\/cpsth-resultats-du-challenge-du-hainaut-2026\/#primaryimage"},"thumbnailUrl":"https:\/\/fsth.be\/wopr\/wp-content\/uploads\/2026\/01\/download-results-fsth.png","datePublished":"2026-04-29T11:33:15+00:00","dateModified":"2026-04-29T11:33:17+00:00","breadcrumb":{"@id":"https:\/\/fsth.be\/wopr\/cpsth-resultats-du-challenge-du-hainaut-2026\/#breadcrumb"},"inLanguage":"fr-BE","potentialAction":[{"@type":"ReadAction","target":["https:\/\/fsth.be\/wopr\/cpsth-resultats-du-challenge-du-hainaut-2026\/"]}]},{"@type":"ImageObject","inLanguage":"fr-BE","@id":"https:\/\/fsth.be\/wopr\/cpsth-resultats-du-challenge-du-hainaut-2026\/#primaryimage","url":"https:\/\/fsth.be\/wopr\/wp-content\/uploads\/2026\/01\/download-results-fsth.png","contentUrl":"https:\/\/fsth.be\/wopr\/wp-content\/uploads\/2026\/01\/download-results-fsth.png","width":256,"height":256},{"@type":"BreadcrumbList","@id":"https:\/\/fsth.be\/wopr\/cpsth-resultats-du-challenge-du-hainaut-2026\/#breadcrumb","itemListElement":[{"@type":"ListItem","position":1,"name":"Accueil","item":"https:\/\/fsth.be\/wopr\/"},{"@type":"ListItem","position":2,"name":"CPSTH &#8211; R\u00e9sultats du Challenge du Hainaut 2026"}]},{"@type":"WebSite","@id":"https:\/\/fsth.be\/wopr\/#website","url":"https:\/\/fsth.be\/wopr\/","name":"F.S.T.H. asbl","description":"F\u00e9d\u00e9ration des Soci\u00e9t\u00e9s de Tir du Hainaut","publisher":{"@id":"https:\/\/fsth.be\/wopr\/#organization"},"potentialAction":[{"@type":"SearchAction","target":{"@type":"EntryPoint","urlTemplate":"https:\/\/fsth.be\/wopr\/?s={search_term_string}"},"query-input":{"@type":"PropertyValueSpecification","valueRequired":true,"valueName":"search_term_string"}}],"inLanguage":"fr-BE"},{"@type":"Organization","@id":"https:\/\/fsth.be\/wopr\/#organization","name":"F\u00e9d\u00e9ration des Soci\u00e9t\u00e9s de Tir du Hainaut","url":"https:\/\/fsth.be\/wopr\/","logo":{"@type":"ImageObject","inLanguage":"fr-BE","@id":"https:\/\/fsth.be\/wopr\/#\/schema\/logo\/image\/","url":"https:\/\/fsth.be\/wopr\/wp-content\/uploads\/2022\/03\/cropped-logo-FSTH-1.png","contentUrl":"https:\/\/fsth.be\/wopr\/wp-content\/uploads\/2022\/03\/cropped-logo-FSTH-1.png","width":100,"height":100,"caption":"F\u00e9d\u00e9ration des Soci\u00e9t\u00e9s de Tir du Hainaut"},"image":{"@id":"https:\/\/fsth.be\/wopr\/#\/schema\/logo\/image\/"}}]}},"_links":{"self":[{"href":"https:\/\/fsth.be\/wopr\/wp-json\/wp\/v2\/pages\/3013","targetHints":{"allow":["GET"]}}],"collection":[{"href":"https:\/\/fsth.be\/wopr\/wp-json\/wp\/v2\/pages"}],"about":[{"href":"https:\/\/fsth.be\/wopr\/wp-json\/wp\/v2\/types\/page"}],"author":[{"embeddable":true,"href":"https:\/\/fsth.be\/wopr\/wp-json\/wp\/v2\/users\/1"}],"replies":[{"embeddable":true,"href":"https:\/\/fsth.be\/wopr\/wp-json\/wp\/v2\/comments?post=3013"}],"version-history":[{"count":1,"href":"https:\/\/fsth.be\/wopr\/wp-json\/wp\/v2\/pages\/3013\/revisions"}],"predecessor-version":[{"id":3015,"href":"https:\/\/fsth.be\/wopr\/wp-json\/wp\/v2\/pages\/3013\/revisions\/3015"}],"wp:attachment":[{"href":"https:\/\/fsth.be\/wopr\/wp-json\/wp\/v2\/media?parent=3013"}],"curies":[{"name":"wp","href":"https:\/\/api.w.org\/{rel}","templated":true}]}}