{"id":394,"date":"2022-03-25T15:15:51","date_gmt":"2022-03-25T15:15:51","guid":{"rendered":"https:\/\/fsth.be\/wopr\/?page_id=394"},"modified":"2022-04-06T08:22:30","modified_gmt":"2022-04-06T08:22:30","slug":"cible-saint-remy","status":"publish","type":"page","link":"https:\/\/fsth.be\/wopr\/les-societes-de-tir-du-hainaut\/cible-saint-remy\/","title":{"rendered":"Cible Saint-Remy"},"content":{"rendered":"\n<div class=\"wp-block-group is-content-justification-space-between is-layout-flex wp-container-core-group-is-layout-e63a74ff wp-block-group-is-layout-flex\">\n<h1 class=\"has-text-align-center wp-block-heading\">7\/166<\/h1>\n<\/div>\n\n\n\n<div style=\"height:24px\" aria-hidden=\"true\" class=\"wp-block-spacer\"><\/div>\n\n\n\n<hr class=\"wp-block-separator\"\/>\n\n\n\n<div class=\"wp-block-columns is-layout-flex wp-container-core-columns-is-layout-9d6595d7 wp-block-columns-is-layout-flex\">\n<div class=\"wp-block-column is-layout-flow wp-block-column-is-layout-flow\">\n<h2 class=\"wp-block-heading\">Adresse<\/h2>\n\n\n\n<p>Place de Cuesmes, 28<br>7033 Cuemes<\/p>\n\n\n\n<h2 class=\"wp-block-heading\">Contact<\/h2>\n\n\n\n<p>M. Luypaert Guy<br>Rue Emile Vandervelde, 20<br>7033 Cuemes<br>T\u00e9l.: 065\/84.02.75<\/p>\n\n\n\n<div class=\"wp-block-columns is-layout-flex wp-container-core-columns-is-layout-9d6595d7 wp-block-columns-is-layout-flex\">\n<div class=\"wp-block-column is-vertically-aligned-center is-layout-flow wp-block-column-is-layout-flow\" style=\"flex-basis:80px\">\n<figure class=\"wp-block-image size-thumbnail is-resized\"><a href=\"mailto:guy.luypaert@hotmail.com\" target=\"_blank\" rel=\"noopener\"><img loading=\"lazy\" decoding=\"async\" src=\"https:\/\/fsth.be\/wopr\/wp-content\/uploads\/2022\/03\/email-150x150.png\" alt=\"\" class=\"wp-image-315\" width=\"75\" height=\"75\"\/><\/a><\/figure>\n<\/div>\n\n\n\n<div class=\"wp-block-column is-vertically-aligned-center is-layout-flow wp-block-column-is-layout-flow\">\n<p><a href=\"mailto:marmaddou49@gmail.com\">Email conta<\/a><a href=\"mailto:guy.luypaert@hotmail.com\">ct<\/a><\/p>\n<\/div>\n<\/div>\n<\/div>\n\n\n\n<div class=\"wp-block-column is-layout-flow wp-block-column-is-layout-flow\">\n<pre class=\"wp-block-code\"><code><iframe src=\"https:\/\/www.google.com\/maps\/embed?pb=!1m18!1m12!1m3!1d2541.1863737003946!2d3.9226947159522756!3d50.43762907947362!2m3!1f0!2f0!3f0!3m2!1i1024!2i768!4f13.1!3m3!1m2!1s0x47c25a9824640811%3A0x461d1e7ac045d1fe!2sPl.%20de%20Cuesmes%2028%2C%207033%20Mons!5e0!3m2!1sfr!2sbe!4v1648221294490!5m2!1sfr!2sbe\" width=\"600\" height=\"450\" style=\"border:0;\" allowfullscreen=\"\" loading=\"lazy\"><\/iframe><\/code><\/pre>\n<\/div>\n<\/div>\n","protected":false},"excerpt":{"rendered":"<p>7\/166 Adresse Place de Cuesmes, 287033 Cuemes Contact M. Luypaert GuyRue Emile Vandervelde, 207033 CuemesT\u00e9l.: 065\/84.02.75 Email contact<\/p>\n","protected":false},"author":2,"featured_media":0,"parent":92,"menu_order":0,"comment_status":"closed","ping_status":"closed","template":"","meta":{"footnotes":""},"class_list":["post-394","page","type-page","status-publish","hentry"],"yoast_head":"<!-- This site is optimized with the Yoast SEO plugin v27.3 - https:\/\/yoast.com\/product\/yoast-seo-wordpress\/ -->\r\n<title>Cible Saint-Remy - F.S.T.H. asbl<\/title>\r\n<meta name=\"robots\" content=\"index, follow, max-snippet:-1, max-image-preview:large, max-video-preview:-1\" \/>\r\n<link rel=\"canonical\" href=\"https:\/\/fsth.be\/wopr\/les-societes-de-tir-du-hainaut\/cible-saint-remy\/\" \/>\r\n<meta property=\"og:locale\" content=\"fr_FR\" \/>\r\n<meta property=\"og:type\" content=\"article\" \/>\r\n<meta property=\"og:title\" content=\"Cible Saint-Remy - F.S.T.H. asbl\" \/>\r\n<meta property=\"og:description\" content=\"7\/166 Adresse Place de Cuesmes, 287033 Cuemes Contact M. Luypaert GuyRue Emile Vandervelde, 207033 CuemesT\u00e9l.: 065\/84.02.75 Email contact\" \/>\r\n<meta property=\"og:url\" content=\"https:\/\/fsth.be\/wopr\/les-societes-de-tir-du-hainaut\/cible-saint-remy\/\" \/>\r\n<meta property=\"og:site_name\" content=\"F.S.T.H. asbl\" \/>\r\n<meta property=\"article:modified_time\" content=\"2022-04-06T08:22:30+00:00\" \/>\r\n<meta property=\"og:image\" content=\"https:\/\/fsth.be\/wopr\/wp-content\/uploads\/2022\/03\/email-150x150.png\" \/>\r\n<script type=\"application\/ld+json\" class=\"yoast-schema-graph\">{\"@context\":\"https:\\\/\\\/schema.org\",\"@graph\":[{\"@type\":\"WebPage\",\"@id\":\"https:\\\/\\\/fsth.be\\\/wopr\\\/les-societes-de-tir-du-hainaut\\\/cible-saint-remy\\\/\",\"url\":\"https:\\\/\\\/fsth.be\\\/wopr\\\/les-societes-de-tir-du-hainaut\\\/cible-saint-remy\\\/\",\"name\":\"Cible Saint-Remy - F.S.T.H. asbl\",\"isPartOf\":{\"@id\":\"https:\\\/\\\/fsth.be\\\/wopr\\\/#website\"},\"primaryImageOfPage\":{\"@id\":\"https:\\\/\\\/fsth.be\\\/wopr\\\/les-societes-de-tir-du-hainaut\\\/cible-saint-remy\\\/#primaryimage\"},\"image\":{\"@id\":\"https:\\\/\\\/fsth.be\\\/wopr\\\/les-societes-de-tir-du-hainaut\\\/cible-saint-remy\\\/#primaryimage\"},\"thumbnailUrl\":\"https:\\\/\\\/fsth.be\\\/wopr\\\/wp-content\\\/uploads\\\/2022\\\/03\\\/email-150x150.png\",\"datePublished\":\"2022-03-25T15:15:51+00:00\",\"dateModified\":\"2022-04-06T08:22:30+00:00\",\"breadcrumb\":{\"@id\":\"https:\\\/\\\/fsth.be\\\/wopr\\\/les-societes-de-tir-du-hainaut\\\/cible-saint-remy\\\/#breadcrumb\"},\"inLanguage\":\"fr-BE\",\"potentialAction\":[{\"@type\":\"ReadAction\",\"target\":[\"https:\\\/\\\/fsth.be\\\/wopr\\\/les-societes-de-tir-du-hainaut\\\/cible-saint-remy\\\/\"]}]},{\"@type\":\"ImageObject\",\"inLanguage\":\"fr-BE\",\"@id\":\"https:\\\/\\\/fsth.be\\\/wopr\\\/les-societes-de-tir-du-hainaut\\\/cible-saint-remy\\\/#primaryimage\",\"url\":\"https:\\\/\\\/fsth.be\\\/wopr\\\/wp-content\\\/uploads\\\/2022\\\/03\\\/email.png\",\"contentUrl\":\"https:\\\/\\\/fsth.be\\\/wopr\\\/wp-content\\\/uploads\\\/2022\\\/03\\\/email.png\",\"width\":648,\"height\":683},{\"@type\":\"BreadcrumbList\",\"@id\":\"https:\\\/\\\/fsth.be\\\/wopr\\\/les-societes-de-tir-du-hainaut\\\/cible-saint-remy\\\/#breadcrumb\",\"itemListElement\":[{\"@type\":\"ListItem\",\"position\":1,\"name\":\"Accueil\",\"item\":\"https:\\\/\\\/fsth.be\\\/wopr\\\/\"},{\"@type\":\"ListItem\",\"position\":2,\"name\":\"Les soci\u00e9t\u00e9s de tir du Hainaut\",\"item\":\"https:\\\/\\\/fsth.be\\\/wopr\\\/les-societes-de-tir-du-hainaut\\\/\"},{\"@type\":\"ListItem\",\"position\":3,\"name\":\"Cible Saint-Remy\"}]},{\"@type\":\"WebSite\",\"@id\":\"https:\\\/\\\/fsth.be\\\/wopr\\\/#website\",\"url\":\"https:\\\/\\\/fsth.be\\\/wopr\\\/\",\"name\":\"F.S.T.H. asbl\",\"description\":\"F\u00e9d\u00e9ration des Soci\u00e9t\u00e9s de Tir du Hainaut\",\"publisher\":{\"@id\":\"https:\\\/\\\/fsth.be\\\/wopr\\\/#organization\"},\"potentialAction\":[{\"@type\":\"SearchAction\",\"target\":{\"@type\":\"EntryPoint\",\"urlTemplate\":\"https:\\\/\\\/fsth.be\\\/wopr\\\/?s={search_term_string}\"},\"query-input\":{\"@type\":\"PropertyValueSpecification\",\"valueRequired\":true,\"valueName\":\"search_term_string\"}}],\"inLanguage\":\"fr-BE\"},{\"@type\":\"Organization\",\"@id\":\"https:\\\/\\\/fsth.be\\\/wopr\\\/#organization\",\"name\":\"F\u00e9d\u00e9ration des Soci\u00e9t\u00e9s de Tir du Hainaut\",\"url\":\"https:\\\/\\\/fsth.be\\\/wopr\\\/\",\"logo\":{\"@type\":\"ImageObject\",\"inLanguage\":\"fr-BE\",\"@id\":\"https:\\\/\\\/fsth.be\\\/wopr\\\/#\\\/schema\\\/logo\\\/image\\\/\",\"url\":\"https:\\\/\\\/fsth.be\\\/wopr\\\/wp-content\\\/uploads\\\/2022\\\/03\\\/cropped-logo-FSTH-1.png\",\"contentUrl\":\"https:\\\/\\\/fsth.be\\\/wopr\\\/wp-content\\\/uploads\\\/2022\\\/03\\\/cropped-logo-FSTH-1.png\",\"width\":100,\"height\":100,\"caption\":\"F\u00e9d\u00e9ration des Soci\u00e9t\u00e9s de Tir du Hainaut\"},\"image\":{\"@id\":\"https:\\\/\\\/fsth.be\\\/wopr\\\/#\\\/schema\\\/logo\\\/image\\\/\"}}]}<\/script>\r\n<!-- \/ Yoast SEO plugin. -->","yoast_head_json":{"title":"Cible Saint-Remy - F.S.T.H. asbl","robots":{"index":"index","follow":"follow","max-snippet":"max-snippet:-1","max-image-preview":"max-image-preview:large","max-video-preview":"max-video-preview:-1"},"canonical":"https:\/\/fsth.be\/wopr\/les-societes-de-tir-du-hainaut\/cible-saint-remy\/","og_locale":"fr_FR","og_type":"article","og_title":"Cible Saint-Remy - F.S.T.H. asbl","og_description":"7\/166 Adresse Place de Cuesmes, 287033 Cuemes Contact M. Luypaert GuyRue Emile Vandervelde, 207033 CuemesT\u00e9l.: 065\/84.02.75 Email contact","og_url":"https:\/\/fsth.be\/wopr\/les-societes-de-tir-du-hainaut\/cible-saint-remy\/","og_site_name":"F.S.T.H. asbl","article_modified_time":"2022-04-06T08:22:30+00:00","og_image":[{"url":"https:\/\/fsth.be\/wopr\/wp-content\/uploads\/2022\/03\/email-150x150.png","type":"","width":"","height":""}],"schema":{"@context":"https:\/\/schema.org","@graph":[{"@type":"WebPage","@id":"https:\/\/fsth.be\/wopr\/les-societes-de-tir-du-hainaut\/cible-saint-remy\/","url":"https:\/\/fsth.be\/wopr\/les-societes-de-tir-du-hainaut\/cible-saint-remy\/","name":"Cible Saint-Remy - F.S.T.H. asbl","isPartOf":{"@id":"https:\/\/fsth.be\/wopr\/#website"},"primaryImageOfPage":{"@id":"https:\/\/fsth.be\/wopr\/les-societes-de-tir-du-hainaut\/cible-saint-remy\/#primaryimage"},"image":{"@id":"https:\/\/fsth.be\/wopr\/les-societes-de-tir-du-hainaut\/cible-saint-remy\/#primaryimage"},"thumbnailUrl":"https:\/\/fsth.be\/wopr\/wp-content\/uploads\/2022\/03\/email-150x150.png","datePublished":"2022-03-25T15:15:51+00:00","dateModified":"2022-04-06T08:22:30+00:00","breadcrumb":{"@id":"https:\/\/fsth.be\/wopr\/les-societes-de-tir-du-hainaut\/cible-saint-remy\/#breadcrumb"},"inLanguage":"fr-BE","potentialAction":[{"@type":"ReadAction","target":["https:\/\/fsth.be\/wopr\/les-societes-de-tir-du-hainaut\/cible-saint-remy\/"]}]},{"@type":"ImageObject","inLanguage":"fr-BE","@id":"https:\/\/fsth.be\/wopr\/les-societes-de-tir-du-hainaut\/cible-saint-remy\/#primaryimage","url":"https:\/\/fsth.be\/wopr\/wp-content\/uploads\/2022\/03\/email.png","contentUrl":"https:\/\/fsth.be\/wopr\/wp-content\/uploads\/2022\/03\/email.png","width":648,"height":683},{"@type":"BreadcrumbList","@id":"https:\/\/fsth.be\/wopr\/les-societes-de-tir-du-hainaut\/cible-saint-remy\/#breadcrumb","itemListElement":[{"@type":"ListItem","position":1,"name":"Accueil","item":"https:\/\/fsth.be\/wopr\/"},{"@type":"ListItem","position":2,"name":"Les soci\u00e9t\u00e9s de tir du Hainaut","item":"https:\/\/fsth.be\/wopr\/les-societes-de-tir-du-hainaut\/"},{"@type":"ListItem","position":3,"name":"Cible Saint-Remy"}]},{"@type":"WebSite","@id":"https:\/\/fsth.be\/wopr\/#website","url":"https:\/\/fsth.be\/wopr\/","name":"F.S.T.H. asbl","description":"F\u00e9d\u00e9ration des Soci\u00e9t\u00e9s de Tir du Hainaut","publisher":{"@id":"https:\/\/fsth.be\/wopr\/#organization"},"potentialAction":[{"@type":"SearchAction","target":{"@type":"EntryPoint","urlTemplate":"https:\/\/fsth.be\/wopr\/?s={search_term_string}"},"query-input":{"@type":"PropertyValueSpecification","valueRequired":true,"valueName":"search_term_string"}}],"inLanguage":"fr-BE"},{"@type":"Organization","@id":"https:\/\/fsth.be\/wopr\/#organization","name":"F\u00e9d\u00e9ration des Soci\u00e9t\u00e9s de Tir du Hainaut","url":"https:\/\/fsth.be\/wopr\/","logo":{"@type":"ImageObject","inLanguage":"fr-BE","@id":"https:\/\/fsth.be\/wopr\/#\/schema\/logo\/image\/","url":"https:\/\/fsth.be\/wopr\/wp-content\/uploads\/2022\/03\/cropped-logo-FSTH-1.png","contentUrl":"https:\/\/fsth.be\/wopr\/wp-content\/uploads\/2022\/03\/cropped-logo-FSTH-1.png","width":100,"height":100,"caption":"F\u00e9d\u00e9ration des Soci\u00e9t\u00e9s de Tir du Hainaut"},"image":{"@id":"https:\/\/fsth.be\/wopr\/#\/schema\/logo\/image\/"}}]}},"_links":{"self":[{"href":"https:\/\/fsth.be\/wopr\/wp-json\/wp\/v2\/pages\/394","targetHints":{"allow":["GET"]}}],"collection":[{"href":"https:\/\/fsth.be\/wopr\/wp-json\/wp\/v2\/pages"}],"about":[{"href":"https:\/\/fsth.be\/wopr\/wp-json\/wp\/v2\/types\/page"}],"author":[{"embeddable":true,"href":"https:\/\/fsth.be\/wopr\/wp-json\/wp\/v2\/users\/2"}],"replies":[{"embeddable":true,"href":"https:\/\/fsth.be\/wopr\/wp-json\/wp\/v2\/comments?post=394"}],"version-history":[{"count":1,"href":"https:\/\/fsth.be\/wopr\/wp-json\/wp\/v2\/pages\/394\/revisions"}],"predecessor-version":[{"id":395,"href":"https:\/\/fsth.be\/wopr\/wp-json\/wp\/v2\/pages\/394\/revisions\/395"}],"up":[{"embeddable":true,"href":"https:\/\/fsth.be\/wopr\/wp-json\/wp\/v2\/pages\/92"}],"wp:attachment":[{"href":"https:\/\/fsth.be\/wopr\/wp-json\/wp\/v2\/media?parent=394"}],"curies":[{"name":"wp","href":"https:\/\/api.w.org\/{rel}","templated":true}]}}