{"id":414,"date":"2022-03-25T16:02:46","date_gmt":"2022-03-25T16:02:46","guid":{"rendered":"https:\/\/fsth.be\/wopr\/?page_id=414"},"modified":"2025-03-07T16:32:04","modified_gmt":"2025-03-07T16:32:04","slug":"fun-shooting-club","status":"publish","type":"page","link":"https:\/\/fsth.be\/wopr\/les-societes-de-tir-du-hainaut\/fun-shooting-club\/","title":{"rendered":"Fun Shooting Club Lessines ASBL"},"content":{"rendered":"\n<div class=\"wp-block-group is-content-justification-space-between is-layout-flex wp-container-core-group-is-layout-e63a74ff wp-block-group-is-layout-flex\">\n<h1 class=\"wp-block-heading has-text-align-center\">7\/338<\/h1>\n\n\n\n<figure class=\"wp-block-image size-medium is-resized\"><img loading=\"lazy\" decoding=\"async\" width=\"203\" height=\"300\" src=\"https:\/\/fsth.be\/wopr\/wp-content\/uploads\/2023\/04\/Club-Fun-Shooting-Club-Lessines-203x300.jpg\" alt=\"\" class=\"wp-image-1606\" srcset=\"https:\/\/fsth.be\/wopr\/wp-content\/uploads\/2023\/04\/Club-Fun-Shooting-Club-Lessines-203x300.jpg 203w, https:\/\/fsth.be\/wopr\/wp-content\/uploads\/2023\/04\/Club-Fun-Shooting-Club-Lessines-694x1024.jpg 694w, https:\/\/fsth.be\/wopr\/wp-content\/uploads\/2023\/04\/Club-Fun-Shooting-Club-Lessines-768x1133.jpg 768w, https:\/\/fsth.be\/wopr\/wp-content\/uploads\/2023\/04\/Club-Fun-Shooting-Club-Lessines-1041x1536.jpg 1041w, https:\/\/fsth.be\/wopr\/wp-content\/uploads\/2023\/04\/Club-Fun-Shooting-Club-Lessines-1389x2048.jpg 1389w, https:\/\/fsth.be\/wopr\/wp-content\/uploads\/2023\/04\/Club-Fun-Shooting-Club-Lessines-1024x1510.jpg 1024w, https:\/\/fsth.be\/wopr\/wp-content\/uploads\/2023\/04\/Club-Fun-Shooting-Club-Lessines-732x1080.jpg 732w, https:\/\/fsth.be\/wopr\/wp-content\/uploads\/2023\/04\/Club-Fun-Shooting-Club-Lessines-scaled.jpg 1736w\" sizes=\"auto, (max-width: 203px) 100vw, 203px\" \/><\/figure>\n<\/div>\n\n\n\n<div style=\"height:24px\" aria-hidden=\"true\" class=\"wp-block-spacer\"><\/div>\n\n\n\n<hr class=\"wp-block-separator has-css-opacity\"\/>\n\n\n\n<div class=\"wp-block-columns is-layout-flex wp-container-core-columns-is-layout-9d6595d7 wp-block-columns-is-layout-flex\">\n<div class=\"wp-block-column is-layout-flow wp-block-column-is-layout-flow\">\n<h2 class=\"wp-block-heading\">Adresse<\/h2>\n\n\n\n<p>Rue G\u00e9n\u00e9ral Freyberg 24<br>7860 Lessines<br>T\u00e9l.: 0494\/03.72.77<\/p>\n\n\n\n<div class=\"wp-block-columns is-layout-flex wp-container-core-columns-is-layout-9d6595d7 wp-block-columns-is-layout-flex\">\n<div class=\"wp-block-column is-vertically-aligned-center is-layout-flow wp-block-column-is-layout-flow\" style=\"flex-basis:80px\">\n<figure class=\"wp-block-image size-thumbnail is-resized\"><a href=\"mailto:funshootinglessines@gmail.com\" target=\"_blank\" rel=\"noopener\"><img loading=\"lazy\" decoding=\"async\" width=\"150\" height=\"150\" src=\"https:\/\/fsth.be\/wopr\/wp-content\/uploads\/2022\/03\/email-150x150.png\" alt=\"\" class=\"wp-image-315\"\/><\/a><\/figure>\n<\/div>\n\n\n\n<div class=\"wp-block-column is-vertically-aligned-center is-layout-flow wp-block-column-is-layout-flow\">\n<p><a href=\"mailto:funshootinglessines@gmail.com\">Email<\/a><a href=\"mailto:info@blic-a-air.be\"> <\/a><a href=\"mailto:funshootinglessines@gmail.com\">club<\/a><\/p>\n<\/div>\n<\/div>\n\n\n\n<h2 class=\"wp-block-heading\">Contact<\/h2>\n\n\n\n<p>M. Leclercq Fabien<\/p>\n\n\n\n<div class=\"wp-block-columns is-layout-flex wp-container-core-columns-is-layout-9d6595d7 wp-block-columns-is-layout-flex\">\n<div class=\"wp-block-column is-vertically-aligned-center is-layout-flow wp-block-column-is-layout-flow\" style=\"flex-basis:80px\">\n<figure class=\"wp-block-image size-thumbnail is-resized\"><a href=\"mailto:funshootinglessines@gmail.com\" target=\"_blank\" rel=\"noopener\"><img loading=\"lazy\" decoding=\"async\" width=\"150\" height=\"150\" src=\"https:\/\/fsth.be\/wopr\/wp-content\/uploads\/2022\/03\/email-150x150.png\" alt=\"\" class=\"wp-image-315\"\/><\/a><\/figure>\n<\/div>\n\n\n\n<div class=\"wp-block-column is-vertically-aligned-center is-layout-flow wp-block-column-is-layout-flow\">\n<p><a href=\"mailto:fabienicq@gmail.com\">Email<\/a><a href=\"mailto:info@blic-a-air.be\"> <\/a><a href=\"mailto:fabienicq@gmail.com\" target=\"_blank\" rel=\"noreferrer noopener\">contact<\/a><\/p>\n<\/div>\n<\/div>\n<\/div>\n\n\n\n<div class=\"wp-block-column is-layout-flow wp-block-column-is-layout-flow\">\n<pre class=\"wp-block-code\"><code><iframe src=\"https:\/\/www.google.com\/maps\/embed?pb=!1m18!1m12!1m3!1d2819.5322039022312!2d3.832671829683431!3d50.71123728174593!2m3!1f0!2f0!3f0!3m2!1i1024!2i768!4f13.1!3m3!1m2!1s0x47c3a99b6e3f374f%3A0xcc7700fab2a63f37!2sRue%20G%C3%A9n%C3%A9ral%20Freyberg%2026%2C%207860%20Lessines!5e0!3m2!1sfr!2sbe!4v1681743964924!5m2!1sfr!2sbe\" width=\"600\" height=\"450\" style=\"border:0;\" allowfullscreen=\"\" loading=\"lazy\" referrerpolicy=\"no-referrer-when-downgrade\"><\/iframe><\/code><\/pre>\n<\/div>\n<\/div>\n","protected":false},"excerpt":{"rendered":"<p>7\/338 Adresse Rue G\u00e9n\u00e9ral Freyberg 247860 LessinesT\u00e9l.: 0494\/03.72.77 Email club Contact M. Leclercq Fabien Email contact<\/p>\n","protected":false},"author":2,"featured_media":0,"parent":92,"menu_order":0,"comment_status":"closed","ping_status":"closed","template":"","meta":{"footnotes":""},"class_list":["post-414","page","type-page","status-publish","hentry"],"yoast_head":"<!-- This site is optimized with the Yoast SEO plugin v27.5 - https:\/\/yoast.com\/product\/yoast-seo-wordpress\/ -->\r\n<title>Fun Shooting Club Lessines ASBL - F.S.T.H. asbl<\/title>\r\n<meta name=\"robots\" content=\"index, follow, max-snippet:-1, max-image-preview:large, max-video-preview:-1\" \/>\r\n<link rel=\"canonical\" href=\"https:\/\/fsth.be\/wopr\/les-societes-de-tir-du-hainaut\/fun-shooting-club\/\" \/>\r\n<meta property=\"og:locale\" content=\"fr_FR\" \/>\r\n<meta property=\"og:type\" content=\"article\" \/>\r\n<meta property=\"og:title\" content=\"Fun Shooting Club Lessines ASBL - F.S.T.H. asbl\" \/>\r\n<meta property=\"og:description\" content=\"7\/338 Adresse Rue G\u00e9n\u00e9ral Freyberg 247860 LessinesT\u00e9l.: 0494\/03.72.77 Email club Contact M. Leclercq Fabien Email contact\" \/>\r\n<meta property=\"og:url\" content=\"https:\/\/fsth.be\/wopr\/les-societes-de-tir-du-hainaut\/fun-shooting-club\/\" \/>\r\n<meta property=\"og:site_name\" content=\"F.S.T.H. asbl\" \/>\r\n<meta property=\"article:modified_time\" content=\"2025-03-07T16:32:04+00:00\" \/>\r\n<meta property=\"og:image\" content=\"https:\/\/fsth.be\/wopr\/wp-content\/uploads\/2023\/04\/Club-Fun-Shooting-Club-Lessines-scaled.jpg\" \/>\r\n\t<meta property=\"og:image:width\" content=\"1736\" \/>\r\n\t<meta property=\"og:image:height\" content=\"2560\" \/>\r\n\t<meta property=\"og:image:type\" content=\"image\/jpeg\" \/>\r\n<meta name=\"twitter:label1\" content=\"Dur\u00e9e de lecture est.\" \/>\n\t<meta name=\"twitter:data1\" content=\"1 minute\" \/>\r\n<script type=\"application\/ld+json\" class=\"yoast-schema-graph\">{\"@context\":\"https:\\\/\\\/schema.org\",\"@graph\":[{\"@type\":\"WebPage\",\"@id\":\"https:\\\/\\\/fsth.be\\\/wopr\\\/les-societes-de-tir-du-hainaut\\\/fun-shooting-club\\\/\",\"url\":\"https:\\\/\\\/fsth.be\\\/wopr\\\/les-societes-de-tir-du-hainaut\\\/fun-shooting-club\\\/\",\"name\":\"Fun Shooting Club Lessines ASBL - F.S.T.H. asbl\",\"isPartOf\":{\"@id\":\"https:\\\/\\\/fsth.be\\\/wopr\\\/#website\"},\"primaryImageOfPage\":{\"@id\":\"https:\\\/\\\/fsth.be\\\/wopr\\\/les-societes-de-tir-du-hainaut\\\/fun-shooting-club\\\/#primaryimage\"},\"image\":{\"@id\":\"https:\\\/\\\/fsth.be\\\/wopr\\\/les-societes-de-tir-du-hainaut\\\/fun-shooting-club\\\/#primaryimage\"},\"thumbnailUrl\":\"https:\\\/\\\/fsth.be\\\/wopr\\\/wp-content\\\/uploads\\\/2023\\\/04\\\/Club-Fun-Shooting-Club-Lessines-203x300.jpg\",\"datePublished\":\"2022-03-25T16:02:46+00:00\",\"dateModified\":\"2025-03-07T16:32:04+00:00\",\"breadcrumb\":{\"@id\":\"https:\\\/\\\/fsth.be\\\/wopr\\\/les-societes-de-tir-du-hainaut\\\/fun-shooting-club\\\/#breadcrumb\"},\"inLanguage\":\"fr-BE\",\"potentialAction\":[{\"@type\":\"ReadAction\",\"target\":[\"https:\\\/\\\/fsth.be\\\/wopr\\\/les-societes-de-tir-du-hainaut\\\/fun-shooting-club\\\/\"]}]},{\"@type\":\"ImageObject\",\"inLanguage\":\"fr-BE\",\"@id\":\"https:\\\/\\\/fsth.be\\\/wopr\\\/les-societes-de-tir-du-hainaut\\\/fun-shooting-club\\\/#primaryimage\",\"url\":\"https:\\\/\\\/fsth.be\\\/wopr\\\/wp-content\\\/uploads\\\/2023\\\/04\\\/Club-Fun-Shooting-Club-Lessines-scaled.jpg\",\"contentUrl\":\"https:\\\/\\\/fsth.be\\\/wopr\\\/wp-content\\\/uploads\\\/2023\\\/04\\\/Club-Fun-Shooting-Club-Lessines-scaled.jpg\",\"width\":1736,\"height\":2560},{\"@type\":\"BreadcrumbList\",\"@id\":\"https:\\\/\\\/fsth.be\\\/wopr\\\/les-societes-de-tir-du-hainaut\\\/fun-shooting-club\\\/#breadcrumb\",\"itemListElement\":[{\"@type\":\"ListItem\",\"position\":1,\"name\":\"Accueil\",\"item\":\"https:\\\/\\\/fsth.be\\\/wopr\\\/\"},{\"@type\":\"ListItem\",\"position\":2,\"name\":\"Les soci\u00e9t\u00e9s de tir du Hainaut\",\"item\":\"https:\\\/\\\/fsth.be\\\/wopr\\\/les-societes-de-tir-du-hainaut\\\/\"},{\"@type\":\"ListItem\",\"position\":3,\"name\":\"Fun Shooting Club Lessines ASBL\"}]},{\"@type\":\"WebSite\",\"@id\":\"https:\\\/\\\/fsth.be\\\/wopr\\\/#website\",\"url\":\"https:\\\/\\\/fsth.be\\\/wopr\\\/\",\"name\":\"F.S.T.H. asbl\",\"description\":\"F\u00e9d\u00e9ration des Soci\u00e9t\u00e9s de Tir du Hainaut\",\"publisher\":{\"@id\":\"https:\\\/\\\/fsth.be\\\/wopr\\\/#organization\"},\"potentialAction\":[{\"@type\":\"SearchAction\",\"target\":{\"@type\":\"EntryPoint\",\"urlTemplate\":\"https:\\\/\\\/fsth.be\\\/wopr\\\/?s={search_term_string}\"},\"query-input\":{\"@type\":\"PropertyValueSpecification\",\"valueRequired\":true,\"valueName\":\"search_term_string\"}}],\"inLanguage\":\"fr-BE\"},{\"@type\":\"Organization\",\"@id\":\"https:\\\/\\\/fsth.be\\\/wopr\\\/#organization\",\"name\":\"F\u00e9d\u00e9ration des Soci\u00e9t\u00e9s de Tir du Hainaut\",\"url\":\"https:\\\/\\\/fsth.be\\\/wopr\\\/\",\"logo\":{\"@type\":\"ImageObject\",\"inLanguage\":\"fr-BE\",\"@id\":\"https:\\\/\\\/fsth.be\\\/wopr\\\/#\\\/schema\\\/logo\\\/image\\\/\",\"url\":\"https:\\\/\\\/fsth.be\\\/wopr\\\/wp-content\\\/uploads\\\/2022\\\/03\\\/cropped-logo-FSTH-1.png\",\"contentUrl\":\"https:\\\/\\\/fsth.be\\\/wopr\\\/wp-content\\\/uploads\\\/2022\\\/03\\\/cropped-logo-FSTH-1.png\",\"width\":100,\"height\":100,\"caption\":\"F\u00e9d\u00e9ration des Soci\u00e9t\u00e9s de Tir du Hainaut\"},\"image\":{\"@id\":\"https:\\\/\\\/fsth.be\\\/wopr\\\/#\\\/schema\\\/logo\\\/image\\\/\"}}]}<\/script>\r\n<!-- \/ Yoast SEO plugin. -->","yoast_head_json":{"title":"Fun Shooting Club Lessines ASBL - F.S.T.H. asbl","robots":{"index":"index","follow":"follow","max-snippet":"max-snippet:-1","max-image-preview":"max-image-preview:large","max-video-preview":"max-video-preview:-1"},"canonical":"https:\/\/fsth.be\/wopr\/les-societes-de-tir-du-hainaut\/fun-shooting-club\/","og_locale":"fr_FR","og_type":"article","og_title":"Fun Shooting Club Lessines ASBL - F.S.T.H. asbl","og_description":"7\/338 Adresse Rue G\u00e9n\u00e9ral Freyberg 247860 LessinesT\u00e9l.: 0494\/03.72.77 Email club Contact M. Leclercq Fabien Email contact","og_url":"https:\/\/fsth.be\/wopr\/les-societes-de-tir-du-hainaut\/fun-shooting-club\/","og_site_name":"F.S.T.H. asbl","article_modified_time":"2025-03-07T16:32:04+00:00","og_image":[{"width":1736,"height":2560,"url":"https:\/\/fsth.be\/wopr\/wp-content\/uploads\/2023\/04\/Club-Fun-Shooting-Club-Lessines-scaled.jpg","type":"image\/jpeg"}],"twitter_misc":{"Dur\u00e9e de lecture est.":"1 minute"},"schema":{"@context":"https:\/\/schema.org","@graph":[{"@type":"WebPage","@id":"https:\/\/fsth.be\/wopr\/les-societes-de-tir-du-hainaut\/fun-shooting-club\/","url":"https:\/\/fsth.be\/wopr\/les-societes-de-tir-du-hainaut\/fun-shooting-club\/","name":"Fun Shooting Club Lessines ASBL - F.S.T.H. asbl","isPartOf":{"@id":"https:\/\/fsth.be\/wopr\/#website"},"primaryImageOfPage":{"@id":"https:\/\/fsth.be\/wopr\/les-societes-de-tir-du-hainaut\/fun-shooting-club\/#primaryimage"},"image":{"@id":"https:\/\/fsth.be\/wopr\/les-societes-de-tir-du-hainaut\/fun-shooting-club\/#primaryimage"},"thumbnailUrl":"https:\/\/fsth.be\/wopr\/wp-content\/uploads\/2023\/04\/Club-Fun-Shooting-Club-Lessines-203x300.jpg","datePublished":"2022-03-25T16:02:46+00:00","dateModified":"2025-03-07T16:32:04+00:00","breadcrumb":{"@id":"https:\/\/fsth.be\/wopr\/les-societes-de-tir-du-hainaut\/fun-shooting-club\/#breadcrumb"},"inLanguage":"fr-BE","potentialAction":[{"@type":"ReadAction","target":["https:\/\/fsth.be\/wopr\/les-societes-de-tir-du-hainaut\/fun-shooting-club\/"]}]},{"@type":"ImageObject","inLanguage":"fr-BE","@id":"https:\/\/fsth.be\/wopr\/les-societes-de-tir-du-hainaut\/fun-shooting-club\/#primaryimage","url":"https:\/\/fsth.be\/wopr\/wp-content\/uploads\/2023\/04\/Club-Fun-Shooting-Club-Lessines-scaled.jpg","contentUrl":"https:\/\/fsth.be\/wopr\/wp-content\/uploads\/2023\/04\/Club-Fun-Shooting-Club-Lessines-scaled.jpg","width":1736,"height":2560},{"@type":"BreadcrumbList","@id":"https:\/\/fsth.be\/wopr\/les-societes-de-tir-du-hainaut\/fun-shooting-club\/#breadcrumb","itemListElement":[{"@type":"ListItem","position":1,"name":"Accueil","item":"https:\/\/fsth.be\/wopr\/"},{"@type":"ListItem","position":2,"name":"Les soci\u00e9t\u00e9s de tir du Hainaut","item":"https:\/\/fsth.be\/wopr\/les-societes-de-tir-du-hainaut\/"},{"@type":"ListItem","position":3,"name":"Fun Shooting Club Lessines ASBL"}]},{"@type":"WebSite","@id":"https:\/\/fsth.be\/wopr\/#website","url":"https:\/\/fsth.be\/wopr\/","name":"F.S.T.H. asbl","description":"F\u00e9d\u00e9ration des Soci\u00e9t\u00e9s de Tir du Hainaut","publisher":{"@id":"https:\/\/fsth.be\/wopr\/#organization"},"potentialAction":[{"@type":"SearchAction","target":{"@type":"EntryPoint","urlTemplate":"https:\/\/fsth.be\/wopr\/?s={search_term_string}"},"query-input":{"@type":"PropertyValueSpecification","valueRequired":true,"valueName":"search_term_string"}}],"inLanguage":"fr-BE"},{"@type":"Organization","@id":"https:\/\/fsth.be\/wopr\/#organization","name":"F\u00e9d\u00e9ration des Soci\u00e9t\u00e9s de Tir du Hainaut","url":"https:\/\/fsth.be\/wopr\/","logo":{"@type":"ImageObject","inLanguage":"fr-BE","@id":"https:\/\/fsth.be\/wopr\/#\/schema\/logo\/image\/","url":"https:\/\/fsth.be\/wopr\/wp-content\/uploads\/2022\/03\/cropped-logo-FSTH-1.png","contentUrl":"https:\/\/fsth.be\/wopr\/wp-content\/uploads\/2022\/03\/cropped-logo-FSTH-1.png","width":100,"height":100,"caption":"F\u00e9d\u00e9ration des Soci\u00e9t\u00e9s de Tir du Hainaut"},"image":{"@id":"https:\/\/fsth.be\/wopr\/#\/schema\/logo\/image\/"}}]}},"_links":{"self":[{"href":"https:\/\/fsth.be\/wopr\/wp-json\/wp\/v2\/pages\/414","targetHints":{"allow":["GET"]}}],"collection":[{"href":"https:\/\/fsth.be\/wopr\/wp-json\/wp\/v2\/pages"}],"about":[{"href":"https:\/\/fsth.be\/wopr\/wp-json\/wp\/v2\/types\/page"}],"author":[{"embeddable":true,"href":"https:\/\/fsth.be\/wopr\/wp-json\/wp\/v2\/users\/2"}],"replies":[{"embeddable":true,"href":"https:\/\/fsth.be\/wopr\/wp-json\/wp\/v2\/comments?post=414"}],"version-history":[{"count":14,"href":"https:\/\/fsth.be\/wopr\/wp-json\/wp\/v2\/pages\/414\/revisions"}],"predecessor-version":[{"id":1904,"href":"https:\/\/fsth.be\/wopr\/wp-json\/wp\/v2\/pages\/414\/revisions\/1904"}],"up":[{"embeddable":true,"href":"https:\/\/fsth.be\/wopr\/wp-json\/wp\/v2\/pages\/92"}],"wp:attachment":[{"href":"https:\/\/fsth.be\/wopr\/wp-json\/wp\/v2\/media?parent=414"}],"curies":[{"name":"wp","href":"https:\/\/api.w.org\/{rel}","templated":true}]}}