{"id":858,"date":"2022-04-05T14:09:35","date_gmt":"2022-04-05T14:09:35","guid":{"rendered":"https:\/\/fsth.be\/wopr\/?page_id=858"},"modified":"2024-09-12T08:37:25","modified_gmt":"2024-09-12T08:37:25","slug":"calendrier-clubs","status":"publish","type":"page","link":"https:\/\/fsth.be\/wopr\/commission-provinciale\/calendrier-clubs\/","title":{"rendered":"Calendrier des comp\u00e9titions"},"content":{"rendered":"\n<h4 class=\"wp-block-heading\">Vous trouverez ici les informations sur les Tirs et Concours organis\u00e9s par les Soci\u00e9t\u00e9s de Tir du Hainaut.<\/h4>\n\n\n<br><div data-tockify-calendar=\"fsthasbl\" data-tockify-component=\"calendar\"><\/div><script type='text\/javascript'>if (window._tkf && window._tkf.loadDeclaredCalendars) {window._tkf.loadDeclaredCalendars();}<\/script>\n","protected":false},"excerpt":{"rendered":"<p>Vous trouverez ici les informations sur les Tirs et Concours organis\u00e9s par les Soci\u00e9t\u00e9s de Tir du Hainaut.<\/p>\n","protected":false},"author":2,"featured_media":0,"parent":240,"menu_order":0,"comment_status":"closed","ping_status":"closed","template":"","meta":{"footnotes":""},"class_list":["post-858","page","type-page","status-publish","hentry"],"yoast_head":"<!-- This site is optimized with the Yoast SEO plugin v27.5 - https:\/\/yoast.com\/product\/yoast-seo-wordpress\/ -->\r\n<title>Calendrier des comp\u00e9titions - F.S.T.H. asbl<\/title>\r\n<meta name=\"robots\" content=\"index, follow, max-snippet:-1, max-image-preview:large, max-video-preview:-1\" \/>\r\n<link rel=\"canonical\" href=\"https:\/\/fsth.be\/wopr\/commission-provinciale\/calendrier-clubs\/\" \/>\r\n<meta property=\"og:locale\" content=\"fr_FR\" \/>\r\n<meta property=\"og:type\" content=\"article\" \/>\r\n<meta property=\"og:title\" content=\"Calendrier des comp\u00e9titions - F.S.T.H. asbl\" \/>\r\n<meta property=\"og:description\" content=\"Vous trouverez ici les informations sur les Tirs et Concours organis\u00e9s par les Soci\u00e9t\u00e9s de Tir du Hainaut.\" \/>\r\n<meta property=\"og:url\" content=\"https:\/\/fsth.be\/wopr\/commission-provinciale\/calendrier-clubs\/\" \/>\r\n<meta property=\"og:site_name\" content=\"F.S.T.H. asbl\" \/>\r\n<meta property=\"article:modified_time\" content=\"2024-09-12T08:37:25+00:00\" \/>\r\n<meta name=\"twitter:label1\" content=\"Dur\u00e9e de lecture est.\" \/>\n\t<meta name=\"twitter:data1\" content=\"1 minute\" \/>\r\n<script type=\"application\/ld+json\" class=\"yoast-schema-graph\">{\"@context\":\"https:\\\/\\\/schema.org\",\"@graph\":[{\"@type\":\"WebPage\",\"@id\":\"https:\\\/\\\/fsth.be\\\/wopr\\\/commission-provinciale\\\/calendrier-clubs\\\/\",\"url\":\"https:\\\/\\\/fsth.be\\\/wopr\\\/commission-provinciale\\\/calendrier-clubs\\\/\",\"name\":\"Calendrier des comp\u00e9titions - F.S.T.H. asbl\",\"isPartOf\":{\"@id\":\"https:\\\/\\\/fsth.be\\\/wopr\\\/#website\"},\"datePublished\":\"2022-04-05T14:09:35+00:00\",\"dateModified\":\"2024-09-12T08:37:25+00:00\",\"breadcrumb\":{\"@id\":\"https:\\\/\\\/fsth.be\\\/wopr\\\/commission-provinciale\\\/calendrier-clubs\\\/#breadcrumb\"},\"inLanguage\":\"fr-BE\",\"potentialAction\":[{\"@type\":\"ReadAction\",\"target\":[\"https:\\\/\\\/fsth.be\\\/wopr\\\/commission-provinciale\\\/calendrier-clubs\\\/\"]}]},{\"@type\":\"BreadcrumbList\",\"@id\":\"https:\\\/\\\/fsth.be\\\/wopr\\\/commission-provinciale\\\/calendrier-clubs\\\/#breadcrumb\",\"itemListElement\":[{\"@type\":\"ListItem\",\"position\":1,\"name\":\"Accueil\",\"item\":\"https:\\\/\\\/fsth.be\\\/wopr\\\/\"},{\"@type\":\"ListItem\",\"position\":2,\"name\":\"La Commission Provinciale &#8211; CPSTH\",\"item\":\"https:\\\/\\\/fsth.be\\\/wopr\\\/commission-provinciale\\\/\"},{\"@type\":\"ListItem\",\"position\":3,\"name\":\"Calendrier des comp\u00e9titions\"}]},{\"@type\":\"WebSite\",\"@id\":\"https:\\\/\\\/fsth.be\\\/wopr\\\/#website\",\"url\":\"https:\\\/\\\/fsth.be\\\/wopr\\\/\",\"name\":\"F.S.T.H. asbl\",\"description\":\"F\u00e9d\u00e9ration des Soci\u00e9t\u00e9s de Tir du Hainaut\",\"publisher\":{\"@id\":\"https:\\\/\\\/fsth.be\\\/wopr\\\/#organization\"},\"potentialAction\":[{\"@type\":\"SearchAction\",\"target\":{\"@type\":\"EntryPoint\",\"urlTemplate\":\"https:\\\/\\\/fsth.be\\\/wopr\\\/?s={search_term_string}\"},\"query-input\":{\"@type\":\"PropertyValueSpecification\",\"valueRequired\":true,\"valueName\":\"search_term_string\"}}],\"inLanguage\":\"fr-BE\"},{\"@type\":\"Organization\",\"@id\":\"https:\\\/\\\/fsth.be\\\/wopr\\\/#organization\",\"name\":\"F\u00e9d\u00e9ration des Soci\u00e9t\u00e9s de Tir du Hainaut\",\"url\":\"https:\\\/\\\/fsth.be\\\/wopr\\\/\",\"logo\":{\"@type\":\"ImageObject\",\"inLanguage\":\"fr-BE\",\"@id\":\"https:\\\/\\\/fsth.be\\\/wopr\\\/#\\\/schema\\\/logo\\\/image\\\/\",\"url\":\"https:\\\/\\\/fsth.be\\\/wopr\\\/wp-content\\\/uploads\\\/2022\\\/03\\\/cropped-logo-FSTH-1.png\",\"contentUrl\":\"https:\\\/\\\/fsth.be\\\/wopr\\\/wp-content\\\/uploads\\\/2022\\\/03\\\/cropped-logo-FSTH-1.png\",\"width\":100,\"height\":100,\"caption\":\"F\u00e9d\u00e9ration des Soci\u00e9t\u00e9s de Tir du Hainaut\"},\"image\":{\"@id\":\"https:\\\/\\\/fsth.be\\\/wopr\\\/#\\\/schema\\\/logo\\\/image\\\/\"}}]}<\/script>\r\n<!-- \/ Yoast SEO plugin. -->","yoast_head_json":{"title":"Calendrier des comp\u00e9titions - F.S.T.H. asbl","robots":{"index":"index","follow":"follow","max-snippet":"max-snippet:-1","max-image-preview":"max-image-preview:large","max-video-preview":"max-video-preview:-1"},"canonical":"https:\/\/fsth.be\/wopr\/commission-provinciale\/calendrier-clubs\/","og_locale":"fr_FR","og_type":"article","og_title":"Calendrier des comp\u00e9titions - F.S.T.H. asbl","og_description":"Vous trouverez ici les informations sur les Tirs et Concours organis\u00e9s par les Soci\u00e9t\u00e9s de Tir du Hainaut.","og_url":"https:\/\/fsth.be\/wopr\/commission-provinciale\/calendrier-clubs\/","og_site_name":"F.S.T.H. asbl","article_modified_time":"2024-09-12T08:37:25+00:00","twitter_misc":{"Dur\u00e9e de lecture est.":"1 minute"},"schema":{"@context":"https:\/\/schema.org","@graph":[{"@type":"WebPage","@id":"https:\/\/fsth.be\/wopr\/commission-provinciale\/calendrier-clubs\/","url":"https:\/\/fsth.be\/wopr\/commission-provinciale\/calendrier-clubs\/","name":"Calendrier des comp\u00e9titions - F.S.T.H. asbl","isPartOf":{"@id":"https:\/\/fsth.be\/wopr\/#website"},"datePublished":"2022-04-05T14:09:35+00:00","dateModified":"2024-09-12T08:37:25+00:00","breadcrumb":{"@id":"https:\/\/fsth.be\/wopr\/commission-provinciale\/calendrier-clubs\/#breadcrumb"},"inLanguage":"fr-BE","potentialAction":[{"@type":"ReadAction","target":["https:\/\/fsth.be\/wopr\/commission-provinciale\/calendrier-clubs\/"]}]},{"@type":"BreadcrumbList","@id":"https:\/\/fsth.be\/wopr\/commission-provinciale\/calendrier-clubs\/#breadcrumb","itemListElement":[{"@type":"ListItem","position":1,"name":"Accueil","item":"https:\/\/fsth.be\/wopr\/"},{"@type":"ListItem","position":2,"name":"La Commission Provinciale &#8211; CPSTH","item":"https:\/\/fsth.be\/wopr\/commission-provinciale\/"},{"@type":"ListItem","position":3,"name":"Calendrier des comp\u00e9titions"}]},{"@type":"WebSite","@id":"https:\/\/fsth.be\/wopr\/#website","url":"https:\/\/fsth.be\/wopr\/","name":"F.S.T.H. asbl","description":"F\u00e9d\u00e9ration des Soci\u00e9t\u00e9s de Tir du Hainaut","publisher":{"@id":"https:\/\/fsth.be\/wopr\/#organization"},"potentialAction":[{"@type":"SearchAction","target":{"@type":"EntryPoint","urlTemplate":"https:\/\/fsth.be\/wopr\/?s={search_term_string}"},"query-input":{"@type":"PropertyValueSpecification","valueRequired":true,"valueName":"search_term_string"}}],"inLanguage":"fr-BE"},{"@type":"Organization","@id":"https:\/\/fsth.be\/wopr\/#organization","name":"F\u00e9d\u00e9ration des Soci\u00e9t\u00e9s de Tir du Hainaut","url":"https:\/\/fsth.be\/wopr\/","logo":{"@type":"ImageObject","inLanguage":"fr-BE","@id":"https:\/\/fsth.be\/wopr\/#\/schema\/logo\/image\/","url":"https:\/\/fsth.be\/wopr\/wp-content\/uploads\/2022\/03\/cropped-logo-FSTH-1.png","contentUrl":"https:\/\/fsth.be\/wopr\/wp-content\/uploads\/2022\/03\/cropped-logo-FSTH-1.png","width":100,"height":100,"caption":"F\u00e9d\u00e9ration des Soci\u00e9t\u00e9s de Tir du Hainaut"},"image":{"@id":"https:\/\/fsth.be\/wopr\/#\/schema\/logo\/image\/"}}]}},"_links":{"self":[{"href":"https:\/\/fsth.be\/wopr\/wp-json\/wp\/v2\/pages\/858","targetHints":{"allow":["GET"]}}],"collection":[{"href":"https:\/\/fsth.be\/wopr\/wp-json\/wp\/v2\/pages"}],"about":[{"href":"https:\/\/fsth.be\/wopr\/wp-json\/wp\/v2\/types\/page"}],"author":[{"embeddable":true,"href":"https:\/\/fsth.be\/wopr\/wp-json\/wp\/v2\/users\/2"}],"replies":[{"embeddable":true,"href":"https:\/\/fsth.be\/wopr\/wp-json\/wp\/v2\/comments?post=858"}],"version-history":[{"count":19,"href":"https:\/\/fsth.be\/wopr\/wp-json\/wp\/v2\/pages\/858\/revisions"}],"predecessor-version":[{"id":2272,"href":"https:\/\/fsth.be\/wopr\/wp-json\/wp\/v2\/pages\/858\/revisions\/2272"}],"up":[{"embeddable":true,"href":"https:\/\/fsth.be\/wopr\/wp-json\/wp\/v2\/pages\/240"}],"wp:attachment":[{"href":"https:\/\/fsth.be\/wopr\/wp-json\/wp\/v2\/media?parent=858"}],"curies":[{"name":"wp","href":"https:\/\/api.w.org\/{rel}","templated":true}]}}